{"id":7624,"date":"2025-02-12T19:04:42","date_gmt":"2025-02-13T00:04:42","guid":{"rendered":"https:\/\/caeas-ecab-wp.azurewebsites.net\/nouvelles-et-ressources\/"},"modified":"2025-06-04T23:38:28","modified_gmt":"2025-06-05T03:38:28","slug":"ressources","status":"publish","type":"page","link":"https:\/\/www.caeas-ecab.ca\/fr\/ressources\/","title":{"rendered":"Infos et ressources"},"content":{"rendered":"\t\t<div data-elementor-type=\"wp-post\" data-elementor-id=\"7624\" class=\"elementor elementor-7624 elementor-7112\" data-elementor-post-type=\"page\">\n\t\t\t\t<div class=\"elementor-element elementor-element-7c6cb68 e-flex e-con-boxed e-con e-parent\" data-id=\"7c6cb68\" data-element_type=\"container\" data-e-type=\"container\">\n\t\t\t\t\t<div class=\"e-con-inner\">\n\t\t<div class=\"elementor-element elementor-element-69afd0e e-con-full e-flex e-con e-child\" data-id=\"69afd0e\" data-element_type=\"container\" data-e-type=\"container\">\n\t\t<div class=\"elementor-element elementor-element-ed038d5 e-con-full e-flex e-con e-child\" data-id=\"ed038d5\" data-element_type=\"container\" data-e-type=\"container\">\n\t\t\t\t<div class=\"elementor-element elementor-element-9792811 elementor-widget elementor-widget-heading\" data-id=\"9792811\" data-element_type=\"widget\" data-e-type=\"widget\" data-widget_type=\"heading.default\">\n\t\t\t\t<div class=\"elementor-widget-container\">\n\t\t\t\t\t<h2 class=\"elementor-heading-title elementor-size-default\">Infos et ressources<\/h2>\t\t\t\t<\/div>\n\t\t\t\t<\/div>\n\t\t\t\t<div class=\"elementor-element elementor-element-d5431fd elementor-widget elementor-widget-text-editor\" data-id=\"d5431fd\" data-element_type=\"widget\" data-e-type=\"widget\" data-widget_type=\"text-editor.default\">\n\t\t\t\t<div class=\"elementor-widget-container\">\n\t\t\t\t\t\t\t\t\t<p>Il s&rsquo;agit de votre page de r\u00e9f\u00e9rence pour les mises \u00e0 jour importantes, les ressources et les r\u00e9ponses aux questions fr\u00e9quemment pos\u00e9es. Vous trouverez ici des d\u00e9tails importants sur notre assembl\u00e9e annuelle, ainsi que des informations sur le vote et les d\u00e9lais, le cas \u00e9ch\u00e9ant. <\/p>\n<p>Consultez r\u00e9guli\u00e8rement cette page pour vous informer des derni\u00e8res mises \u00e0 jour et des ressources \u00e0 votre disposition!<\/p>\t\t\t\t\t\t\t\t<\/div>\n\t\t\t\t<\/div>\n\t\t\t\t<\/div>\n\t\t<div class=\"elementor-element elementor-element-163e74d e-con-full e-flex e-con e-child\" data-id=\"163e74d\" data-element_type=\"container\" data-e-type=\"container\">\n\t\t<div class=\"elementor-element elementor-element-cbff143 e-con-full sidebar e-flex e-con e-child\" data-id=\"cbff143\" data-element_type=\"container\" data-e-type=\"container\" data-settings=\"{&quot;background_background&quot;:&quot;classic&quot;,&quot;shape_divider_bottom&quot;:&quot;triangle&quot;,&quot;shape_divider_bottom_negative&quot;:&quot;yes&quot;}\">\n\t\t\t\t<div class=\"elementor-shape elementor-shape-bottom\" aria-hidden=\"true\" data-negative=\"true\">\n\t\t\t<svg xmlns=\"http:\/\/www.w3.org\/2000\/svg\" viewBox=\"0 0 1000 100\" preserveAspectRatio=\"none\">\n\t<path class=\"elementor-shape-fill\" d=\"M500.2,94.7L0,0v100h1000V0L500.2,94.7z\"\/>\n<\/svg>\t\t<\/div>\n\t\t\t\t<div class=\"elementor-element elementor-element-17977a9 elementor-widget elementor-widget-heading\" data-id=\"17977a9\" data-element_type=\"widget\" data-e-type=\"widget\" data-widget_type=\"heading.default\">\n\t\t\t\t<div class=\"elementor-widget-container\">\n\t\t\t\t\t<h2 class=\"elementor-heading-title elementor-size-default\">Ressources<\/h2>\t\t\t\t<\/div>\n\t\t\t\t<\/div>\n\t\t<div class=\"elementor-element elementor-element-98a8ccc e-con-full e-flex e-con e-child\" data-id=\"98a8ccc\" data-element_type=\"container\" data-e-type=\"container\">\n\t\t\t\t<div class=\"elementor-element elementor-element-e756696 elementor-widget elementor-widget-global elementor-global-8069 elementor-global-7183 elementor-widget-text-editor\" data-id=\"e756696\" data-element_type=\"widget\" data-e-type=\"widget\" data-widget_type=\"text-editor.default\">\n\t\t\t\t<div class=\"elementor-widget-container\">\n\t\t\t\t\t\t\t\t\t<ul>\n<li><a href=\"\/wp-content\/uploads\/CAEAS-ECAB-Notice-of-Annual-and-Special-Members-Meeting-June-2025_FR.pdf\" target=\"_blank\" rel=\"noopener\">Avis de convocation \u00e0 l\u2019assembl\u00e9e annuelle et extraordinaire<\/a><\/li>\n<li><a href=\"\/wp-content\/uploads\/AM-Report-to-Members-2025-final-FR.pdf\" target=\"_blank\" rel=\"noopener\">2025 rapport \u00e0 l\u2019intention des membres<\/a><\/li>\n<li><a href=\"\/wp-content\/uploads\/Draft-Minutes-of-the-Annual-General-Meeting-May-31-2024-French.pdf\" target=\"_blank\" rel=\"noopener\">Proc\u00e8s-verbal de la derni\u00e8re assembl\u00e9e<\/a><\/li>\n<li><a href=\"\/wp-content\/uploads\/2024-ECAB-FS-signed.pdf\" target=\"_blank\" rel=\"noopener\">2024 \u00e9tat financier<\/a><\/li>\n<li><a href=\"\/wp-content\/uploads\/CAEAS-ECAB-2024-2025-Budget.pdf\" target=\"_blank\" rel=\"noopener\">2024-2025 budget<\/a><\/li>\n<li><a href=\"\/wp-content\/uploads\/caeas-ecab-faq-fr.pdf\" target=\"_blank\" rel=\"noopener\">FAQ<\/a><\/li>\n<\/ul>\t\t\t\t\t\t\t\t<\/div>\n\t\t\t\t<\/div>\n\t\t\t\t<\/div>\n\t\t\t\t<\/div>\n\t\t\t\t<\/div>\n\t\t\t\t<\/div>\n\t\t<div class=\"elementor-element elementor-element-7c1247e e-con-full e-flex e-con e-child\" data-id=\"7c1247e\" data-element_type=\"container\" data-e-type=\"container\">\n\t\t\t\t<div class=\"elementor-element elementor-element-45798c6 elementor-widget elementor-widget-heading\" data-id=\"45798c6\" data-element_type=\"widget\" data-e-type=\"widget\" data-widget_type=\"heading.default\">\n\t\t\t\t<div class=\"elementor-widget-container\">\n\t\t\t\t\t<h2 class=\"elementor-heading-title elementor-size-default\">Derni\u00e8res nouvelles<\/h2>\t\t\t\t<\/div>\n\t\t\t\t<\/div>\n\t\t\t\t<div class=\"elementor-element elementor-element-981e77c elementor-grid-3 elementor-grid-tablet-2 elementor-grid-mobile-1 elementor-posts--thumbnail-top load-more-align-center elementor-widget elementor-widget-posts\" data-id=\"981e77c\" data-element_type=\"widget\" data-e-type=\"widget\" data-settings=\"{&quot;classic_row_gap&quot;:{&quot;unit&quot;:&quot;px&quot;,&quot;size&quot;:60,&quot;sizes&quot;:[]},&quot;pagination_type&quot;:&quot;load_more_on_click&quot;,&quot;load_more_spinner&quot;:{&quot;value&quot;:&quot;fas fa-circle-notch&quot;,&quot;library&quot;:&quot;fa-solid&quot;},&quot;classic_columns&quot;:&quot;3&quot;,&quot;classic_columns_tablet&quot;:&quot;2&quot;,&quot;classic_columns_mobile&quot;:&quot;1&quot;,&quot;classic_row_gap_tablet&quot;:{&quot;unit&quot;:&quot;px&quot;,&quot;size&quot;:&quot;&quot;,&quot;sizes&quot;:[]},&quot;classic_row_gap_mobile&quot;:{&quot;unit&quot;:&quot;px&quot;,&quot;size&quot;:&quot;&quot;,&quot;sizes&quot;:[]}}\" data-widget_type=\"posts.classic\">\n\t\t\t\t<div class=\"elementor-widget-container\">\n\t\t\t\t\t\t\t<div class=\"elementor-posts-container elementor-posts elementor-posts--skin-classic elementor-grid\" role=\"list\">\n\t\t\t\t<article class=\"elementor-post elementor-grid-item post-8684 post type-post status-publish format-standard has-post-thumbnail hentry category-non-categorise\" role=\"listitem\">\n\t\t\t\t<a class=\"elementor-post__thumbnail__link\" href=\"https:\/\/www.caeas-ecab.ca\/fr\/une-note-sur-les-changements-a-venir-dans-votre-regime-davantages-sociaux\/\" tabindex=\"-1\" >\n\t\t\t<div class=\"elementor-post__thumbnail\"><img fetchpriority=\"high\" decoding=\"async\" width=\"768\" height=\"281\" src=\"\/wp-content\/uploads\/GettyImages-1394627381_S-768x281.jpg\" class=\"attachment-medium_large size-medium_large wp-image-8676\" alt=\"\" srcset=\"\/wp-content\/uploads\/GettyImages-1394627381_S-768x281.jpg 768w, \/wp-content\/uploads\/GettyImages-1394627381_S-800x293.jpg 800w, \/wp-content\/uploads\/GettyImages-1394627381_S-1200x440.jpg 1200w, \/wp-content\/uploads\/GettyImages-1394627381_S-1536x563.jpg 1536w, \/wp-content\/uploads\/GettyImages-1394627381_S-2048x750.jpg 2048w\" sizes=\"(max-width: 768px) 100vw, 768px\" \/><\/div>\n\t\t<\/a>\n\t\t\t\t<div class=\"elementor-post__text\">\n\t\t\t\t<h3 class=\"elementor-post__title\">\n\t\t\t<a href=\"https:\/\/www.caeas-ecab.ca\/fr\/une-note-sur-les-changements-a-venir-dans-votre-regime-davantages-sociaux\/\" >\n\t\t\t\tUne note sur les changements \u00e0 venir dans votre r\u00e9gime d&rsquo;avantages sociaux\t\t\t<\/a>\n\t\t<\/h3>\n\t\t\t\t<div class=\"elementor-post__meta-data\">\n\t\t\t\t\t<span class=\"elementor-post-date\">\n\t\t\t31 juillet 2025\t\t<\/span>\n\t\t\t\t<\/div>\n\t\t\t\t<div class=\"elementor-post__excerpt\">\n\t\t\t<p>Le lundi 21 juillet, vous devriez avoir re\u00e7u un courriel de la FENS\u00c9O, votre fournisseur d&rsquo;avantages sociaux. Dans ce courriel et dans le blogue connexe sur le site Web de la FENS\u00c9O, les membres ont appris la mauvaise nouvelle que certains avantages sociaux pr\u00e9vus au r\u00e9gime seront r\u00e9duits. Ces r\u00e9ductions<\/p>\n\t\t<\/div>\n\t\t\n\t\t<a class=\"elementor-post__read-more\" href=\"https:\/\/www.caeas-ecab.ca\/fr\/une-note-sur-les-changements-a-venir-dans-votre-regime-davantages-sociaux\/\" aria-label=\"En savoir plus sur Une note sur les changements \u00e0 venir dans votre r\u00e9gime d&rsquo;avantages sociaux\" tabindex=\"-1\" >\n\t\t\tLire plus\t\t<\/a>\n\n\t\t\t\t<\/div>\n\t\t\t\t<\/article>\n\t\t\t\t<article class=\"elementor-post elementor-grid-item post-8461 post type-post status-publish format-standard has-post-thumbnail hentry category-non-categorise\" role=\"listitem\">\n\t\t\t\t<a class=\"elementor-post__thumbnail__link\" href=\"https:\/\/www.caeas-ecab.ca\/fr\/nouveau-site-web-du-caeas-ecab\/\" tabindex=\"-1\" >\n\t\t\t<div class=\"elementor-post__thumbnail\"><img decoding=\"async\" width=\"768\" height=\"432\" src=\"\/wp-content\/uploads\/2025\/02\/indian-family-living-room-couch-01-16x9-1-768x432.webp\" class=\"attachment-medium_large size-medium_large wp-image-7566\" alt=\"Famille indienne avec une tablette sur le canap\u00e9 du salon\" srcset=\"\/wp-content\/uploads\/2025\/02\/indian-family-living-room-couch-01-16x9-1-768x432.webp 768w, \/wp-content\/uploads\/2025\/02\/indian-family-living-room-couch-01-16x9-1-300x169.webp 300w, \/wp-content\/uploads\/2025\/02\/indian-family-living-room-couch-01-16x9-1-1024x576.webp 1024w, \/wp-content\/uploads\/2025\/02\/indian-family-living-room-couch-01-16x9-1-1536x864.webp 1536w, \/wp-content\/uploads\/2025\/02\/indian-family-living-room-couch-01-16x9-1.webp 1920w\" sizes=\"(max-width: 768px) 100vw, 768px\" \/><\/div>\n\t\t<\/a>\n\t\t\t\t<div class=\"elementor-post__text\">\n\t\t\t\t<h3 class=\"elementor-post__title\">\n\t\t\t<a href=\"https:\/\/www.caeas-ecab.ca\/fr\/nouveau-site-web-du-caeas-ecab\/\" >\n\t\t\t\tNouveau site Web du CAEAS-ECAB\t\t\t<\/a>\n\t\t<\/h3>\n\t\t\t\t<div class=\"elementor-post__meta-data\">\n\t\t\t\t\t<span class=\"elementor-post-date\">\n\t\t\t22 avril 2025\t\t<\/span>\n\t\t\t\t<\/div>\n\t\t\t\t<div class=\"elementor-post__excerpt\">\n\t\t\t<p>Bienvenue sur le nouveau site Web du CAEAS-ECAB! Consultez-le pour conna\u00eetre les derni\u00e8res nouvelles concernant votre r\u00e9gime d&rsquo;avantages sociaux. Votre r\u00e9gime d&rsquo;avantages sociaux de la FENS\u00c9O compte maintenant environ 8 900 membres et leurs personnes \u00e0 charge. Un r\u00e9gime d&rsquo;avantages sociaux solide et concurrentiel est un outil important pour contribuer<\/p>\n\t\t<\/div>\n\t\t\n\t\t<a class=\"elementor-post__read-more\" href=\"https:\/\/www.caeas-ecab.ca\/fr\/nouveau-site-web-du-caeas-ecab\/\" aria-label=\"En savoir plus sur Nouveau site Web du CAEAS-ECAB\" tabindex=\"-1\" >\n\t\t\tLire plus\t\t<\/a>\n\n\t\t\t\t<\/div>\n\t\t\t\t<\/article>\n\t\t\t\t<article class=\"elementor-post elementor-grid-item post-8459 post type-post status-publish format-standard has-post-thumbnail hentry category-non-categorise\" role=\"listitem\">\n\t\t\t\t<a class=\"elementor-post__thumbnail__link\" href=\"https:\/\/www.caeas-ecab.ca\/fr\/tracy-dottori-renewed-as-trustee\/\" tabindex=\"-1\" >\n\t\t\t<div class=\"elementor-post__thumbnail\"><img decoding=\"async\" width=\"768\" height=\"432\" src=\"\/wp-content\/uploads\/announcement-01-16x9-1-768x432.webp\" class=\"attachment-medium_large size-medium_large wp-image-8571\" alt=\"\" srcset=\"\/wp-content\/uploads\/announcement-01-16x9-1-768x432.webp 768w, \/wp-content\/uploads\/announcement-01-16x9-1-800x450.webp 800w, \/wp-content\/uploads\/announcement-01-16x9-1-1200x675.webp 1200w, \/wp-content\/uploads\/announcement-01-16x9-1-1536x864.webp 1536w, \/wp-content\/uploads\/announcement-01-16x9-1.webp 1920w\" sizes=\"(max-width: 768px) 100vw, 768px\" \/><\/div>\n\t\t<\/a>\n\t\t\t\t<div class=\"elementor-post__text\">\n\t\t\t\t<h3 class=\"elementor-post__title\">\n\t\t\t<a href=\"https:\/\/www.caeas-ecab.ca\/fr\/tracy-dottori-renewed-as-trustee\/\" >\n\t\t\t\tTracy Dottori reconduite en tant que fiduciaire\t\t\t<\/a>\n\t\t<\/h3>\n\t\t\t\t<div class=\"elementor-post__meta-data\">\n\t\t\t\t\t<span class=\"elementor-post-date\">\n\t\t\t3 mars 2025\t\t<\/span>\n\t\t\t\t<\/div>\n\t\t\t\t<div class=\"elementor-post__excerpt\">\n\t\t\t<p>Le CAEAS-ECAB est ravi de renouveler le mandat de Tracy Dottori en tant que fiduciaire au conseil des fiduciaires de la FENS\u00c9O pour un deuxi\u00e8me mandat de trois ans \u00e0 compter du 18 mars 2025. Mme Dottori est avec nous depuis trois ans et a assur\u00e9 un leadership constant au<\/p>\n\t\t<\/div>\n\t\t\n\t\t<a class=\"elementor-post__read-more\" href=\"https:\/\/www.caeas-ecab.ca\/fr\/tracy-dottori-renewed-as-trustee\/\" aria-label=\"En savoir plus sur Tracy Dottori reconduite en tant que fiduciaire\" tabindex=\"-1\" >\n\t\t\tLire plus\t\t<\/a>\n\n\t\t\t\t<\/div>\n\t\t\t\t<\/article>\n\t\t\t\t<article class=\"elementor-post elementor-grid-item post-8457 post type-post status-publish format-standard has-post-thumbnail hentry category-non-categorise\" role=\"listitem\">\n\t\t\t\t<a class=\"elementor-post__thumbnail__link\" href=\"https:\/\/www.caeas-ecab.ca\/fr\/peter-derochie-appointed-as-trustee\/\" tabindex=\"-1\" >\n\t\t\t<div class=\"elementor-post__thumbnail\"><img decoding=\"async\" width=\"768\" height=\"432\" src=\"\/wp-content\/uploads\/announcement-01-16x9-1-768x432.webp\" class=\"attachment-medium_large size-medium_large wp-image-8571\" alt=\"\" srcset=\"\/wp-content\/uploads\/announcement-01-16x9-1-768x432.webp 768w, \/wp-content\/uploads\/announcement-01-16x9-1-800x450.webp 800w, \/wp-content\/uploads\/announcement-01-16x9-1-1200x675.webp 1200w, \/wp-content\/uploads\/announcement-01-16x9-1-1536x864.webp 1536w, \/wp-content\/uploads\/announcement-01-16x9-1.webp 1920w\" sizes=\"(max-width: 768px) 100vw, 768px\" \/><\/div>\n\t\t<\/a>\n\t\t\t\t<div class=\"elementor-post__text\">\n\t\t\t\t<h3 class=\"elementor-post__title\">\n\t\t\t<a href=\"https:\/\/www.caeas-ecab.ca\/fr\/peter-derochie-appointed-as-trustee\/\" >\n\t\t\t\tPeter Derochie nomm\u00e9 fiduciaire\t\t\t<\/a>\n\t\t<\/h3>\n\t\t\t\t<div class=\"elementor-post__meta-data\">\n\t\t\t\t\t<span class=\"elementor-post-date\">\n\t\t\t2 janvier 2025\t\t<\/span>\n\t\t\t\t<\/div>\n\t\t\t\t<div class=\"elementor-post__excerpt\">\n\t\t\t<p>Nous avons le plaisir d&rsquo;annoncer que Peter (Pete) Derochie a \u00e9t\u00e9 choisi par le CAEAS-ECAB pour \u00eatre l&rsquo;un des deux fiduciaires nomm\u00e9s au conseil d&rsquo;administration de la FENS\u00c9O pour un premier mandat de trois ans. Ancien directeur associ\u00e9 de l&rsquo;\u00e9ducation (affaires et finances) au Simcoe Muskoka Catholic District School Board,<\/p>\n\t\t<\/div>\n\t\t\n\t\t<a class=\"elementor-post__read-more\" href=\"https:\/\/www.caeas-ecab.ca\/fr\/peter-derochie-appointed-as-trustee\/\" aria-label=\"En savoir plus sur Peter Derochie nomm\u00e9 fiduciaire\" tabindex=\"-1\" >\n\t\t\tLire plus\t\t<\/a>\n\n\t\t\t\t<\/div>\n\t\t\t\t<\/article>\n\t\t\t\t<\/div>\n\t\t\t\t\t<span class=\"e-load-more-spinner\">\n\t\t\t\t<svg aria-hidden=\"true\" class=\"e-font-icon-svg e-fas-circle-notch\" viewBox=\"0 0 512 512\" xmlns=\"http:\/\/www.w3.org\/2000\/svg\"><path d=\"M288 39.056v16.659c0 10.804 7.281 20.159 17.686 23.066C383.204 100.434 440 171.518 440 256c0 101.689-82.295 184-184 184-101.689 0-184-82.295-184-184 0-84.47 56.786-155.564 134.312-177.219C216.719 75.874 224 66.517 224 55.712V39.064c0-15.709-14.834-27.153-30.046-23.234C86.603 43.482 7.394 141.206 8.003 257.332c.72 137.052 111.477 246.956 248.531 246.667C393.255 503.711 504 392.788 504 256c0-115.633-79.14-212.779-186.211-240.236C302.678 11.889 288 23.456 288 39.056z\"><\/path><\/svg>\t\t\t<\/span>\n\t\t\n\t\t\t\t\t\t<\/div>\n\t\t\t\t<\/div>\n\t\t\t\t<\/div>\n\t\t\t\t\t<\/div>\n\t\t\t\t<\/div>\n\t\t\t\t<\/div>\n\t\t","protected":false},"excerpt":{"rendered":"<p>Infos et ressources Il s&rsquo;agit de votre page de r\u00e9f\u00e9rence pour les mises \u00e0 jour importantes, les ressources et les r\u00e9ponses aux questions fr\u00e9quemment pos\u00e9es. Vous trouverez ici des d\u00e9tails importants sur notre assembl\u00e9e annuelle, ainsi que des informations sur le vote et les d\u00e9lais, le cas \u00e9ch\u00e9ant. Consultez r\u00e9guli\u00e8rement cette page pour vous informer [&hellip;]<\/p>\n","protected":false},"author":9,"featured_media":7575,"parent":0,"menu_order":0,"comment_status":"closed","ping_status":"closed","template":"","meta":{"_monsterinsights_skip_tracking":false,"_monsterinsights_sitenote_active":false,"_monsterinsights_sitenote_note":"","_monsterinsights_sitenote_category":0,"footnotes":""},"class_list":["post-7624","page","type-page","status-publish","has-post-thumbnail","hentry"],"yoast_head":"<!-- This site is optimized with the Yoast SEO plugin v27.3 - https:\/\/yoast.com\/product\/yoast-seo-wordpress\/ -->\n<title>Infos et ressources<\/title>\n<meta name=\"robots\" content=\"index, follow, max-snippet:-1, max-image-preview:large, max-video-preview:-1\" \/>\n<link rel=\"canonical\" href=\"https:\/\/www.caeas-ecab.ca\/fr\/ressources\/\" \/>\n<script type=\"application\/ld+json\" class=\"yoast-schema-graph\">{\"@context\":\"https:\\\/\\\/schema.org\",\"@graph\":[{\"@type\":\"WebPage\",\"@id\":\"https:\\\/\\\/www.caeas-ecab.ca\\\/fr\\\/ressources\\\/\",\"url\":\"https:\\\/\\\/www.caeas-ecab.ca\\\/fr\\\/ressources\\\/\",\"name\":\"Infos et ressources\",\"isPartOf\":{\"@id\":\"https:\\\/\\\/caeas-ecab.ca\\\/#website\"},\"primaryImageOfPage\":{\"@id\":\"https:\\\/\\\/www.caeas-ecab.ca\\\/fr\\\/ressources\\\/#primaryimage\"},\"image\":{\"@id\":\"https:\\\/\\\/www.caeas-ecab.ca\\\/fr\\\/ressources\\\/#primaryimage\"},\"thumbnailUrl\":\"\\\/wp-content\\\/uploads\\\/2025\\\/02\\\/cellphone-01-16x9-1.webp\",\"datePublished\":\"2025-02-13T00:04:42+00:00\",\"dateModified\":\"2025-06-05T03:38:28+00:00\",\"breadcrumb\":{\"@id\":\"https:\\\/\\\/www.caeas-ecab.ca\\\/fr\\\/ressources\\\/#breadcrumb\"},\"inLanguage\":\"fr-FR\",\"potentialAction\":[{\"@type\":\"ReadAction\",\"target\":[\"https:\\\/\\\/www.caeas-ecab.ca\\\/fr\\\/ressources\\\/\"]}]},{\"@type\":\"ImageObject\",\"inLanguage\":\"fr-FR\",\"@id\":\"https:\\\/\\\/www.caeas-ecab.ca\\\/fr\\\/ressources\\\/#primaryimage\",\"url\":\"\\\/wp-content\\\/uploads\\\/2025\\\/02\\\/cellphone-01-16x9-1.webp\",\"contentUrl\":\"\\\/wp-content\\\/uploads\\\/2025\\\/02\\\/cellphone-01-16x9-1.webp\",\"width\":1920,\"height\":1080,\"caption\":\"T\u00e9l\u00e9phone mobile\"},{\"@type\":\"BreadcrumbList\",\"@id\":\"https:\\\/\\\/www.caeas-ecab.ca\\\/fr\\\/ressources\\\/#breadcrumb\",\"itemListElement\":[{\"@type\":\"ListItem\",\"position\":1,\"name\":\"Home\",\"item\":\"https:\\\/\\\/caeas-ecab.ca\\\/fr\\\/\"},{\"@type\":\"ListItem\",\"position\":2,\"name\":\"Infos et ressources\"}]},{\"@type\":\"WebSite\",\"@id\":\"https:\\\/\\\/caeas-ecab.ca\\\/#website\",\"url\":\"https:\\\/\\\/caeas-ecab.ca\\\/\",\"name\":\"CAEAS-ECAB\",\"description\":\"Conseil Des Associations En \u00c9ducation Pour Les Avantages Sociaux\",\"publisher\":{\"@id\":\"https:\\\/\\\/caeas-ecab.ca\\\/#organization\"},\"potentialAction\":[{\"@type\":\"SearchAction\",\"target\":{\"@type\":\"EntryPoint\",\"urlTemplate\":\"https:\\\/\\\/caeas-ecab.ca\\\/?s={search_term_string}\"},\"query-input\":{\"@type\":\"PropertyValueSpecification\",\"valueRequired\":true,\"valueName\":\"search_term_string\"}}],\"inLanguage\":\"fr-FR\"},{\"@type\":\"Organization\",\"@id\":\"https:\\\/\\\/caeas-ecab.ca\\\/#organization\",\"name\":\"CAEAS-ECAB\",\"url\":\"https:\\\/\\\/caeas-ecab.ca\\\/\",\"logo\":{\"@type\":\"ImageObject\",\"inLanguage\":\"fr-FR\",\"@id\":\"https:\\\/\\\/caeas-ecab.ca\\\/#\\\/schema\\\/logo\\\/image\\\/\",\"url\":\"\\\/wp-content\\\/uploads\\\/2025\\\/02\\\/caeas-ecab-logo-no-tagline-600w.webp\",\"contentUrl\":\"\\\/wp-content\\\/uploads\\\/2025\\\/02\\\/caeas-ecab-logo-no-tagline-600w.webp\",\"width\":600,\"height\":413,\"caption\":\"CAEAS-ECAB\"},\"image\":{\"@id\":\"https:\\\/\\\/caeas-ecab.ca\\\/#\\\/schema\\\/logo\\\/image\\\/\"}}]}<\/script>\n<!-- \/ Yoast SEO plugin. -->","yoast_head_json":{"title":"Infos et ressources","robots":{"index":"index","follow":"follow","max-snippet":"max-snippet:-1","max-image-preview":"max-image-preview:large","max-video-preview":"max-video-preview:-1"},"canonical":"https:\/\/www.caeas-ecab.ca\/fr\/ressources\/","schema":{"@context":"https:\/\/schema.org","@graph":[{"@type":"WebPage","@id":"https:\/\/www.caeas-ecab.ca\/fr\/ressources\/","url":"https:\/\/www.caeas-ecab.ca\/fr\/ressources\/","name":"Infos et ressources","isPartOf":{"@id":"https:\/\/caeas-ecab.ca\/#website"},"primaryImageOfPage":{"@id":"https:\/\/www.caeas-ecab.ca\/fr\/ressources\/#primaryimage"},"image":{"@id":"https:\/\/www.caeas-ecab.ca\/fr\/ressources\/#primaryimage"},"thumbnailUrl":"\/wp-content\/uploads\/2025\/02\/cellphone-01-16x9-1.webp","datePublished":"2025-02-13T00:04:42+00:00","dateModified":"2025-06-05T03:38:28+00:00","breadcrumb":{"@id":"https:\/\/www.caeas-ecab.ca\/fr\/ressources\/#breadcrumb"},"inLanguage":"fr-FR","potentialAction":[{"@type":"ReadAction","target":["https:\/\/www.caeas-ecab.ca\/fr\/ressources\/"]}]},{"@type":"ImageObject","inLanguage":"fr-FR","@id":"https:\/\/www.caeas-ecab.ca\/fr\/ressources\/#primaryimage","url":"\/wp-content\/uploads\/2025\/02\/cellphone-01-16x9-1.webp","contentUrl":"\/wp-content\/uploads\/2025\/02\/cellphone-01-16x9-1.webp","width":1920,"height":1080,"caption":"T\u00e9l\u00e9phone mobile"},{"@type":"BreadcrumbList","@id":"https:\/\/www.caeas-ecab.ca\/fr\/ressources\/#breadcrumb","itemListElement":[{"@type":"ListItem","position":1,"name":"Home","item":"https:\/\/caeas-ecab.ca\/fr\/"},{"@type":"ListItem","position":2,"name":"Infos et ressources"}]},{"@type":"WebSite","@id":"https:\/\/caeas-ecab.ca\/#website","url":"https:\/\/caeas-ecab.ca\/","name":"CAEAS-ECAB","description":"Conseil Des Associations En \u00c9ducation Pour Les Avantages Sociaux","publisher":{"@id":"https:\/\/caeas-ecab.ca\/#organization"},"potentialAction":[{"@type":"SearchAction","target":{"@type":"EntryPoint","urlTemplate":"https:\/\/caeas-ecab.ca\/?s={search_term_string}"},"query-input":{"@type":"PropertyValueSpecification","valueRequired":true,"valueName":"search_term_string"}}],"inLanguage":"fr-FR"},{"@type":"Organization","@id":"https:\/\/caeas-ecab.ca\/#organization","name":"CAEAS-ECAB","url":"https:\/\/caeas-ecab.ca\/","logo":{"@type":"ImageObject","inLanguage":"fr-FR","@id":"https:\/\/caeas-ecab.ca\/#\/schema\/logo\/image\/","url":"\/wp-content\/uploads\/2025\/02\/caeas-ecab-logo-no-tagline-600w.webp","contentUrl":"\/wp-content\/uploads\/2025\/02\/caeas-ecab-logo-no-tagline-600w.webp","width":600,"height":413,"caption":"CAEAS-ECAB"},"image":{"@id":"https:\/\/caeas-ecab.ca\/#\/schema\/logo\/image\/"}}]}},"_links":{"self":[{"href":"https:\/\/www.caeas-ecab.ca\/fr\/wp-json\/wp\/v2\/pages\/7624","targetHints":{"allow":["GET"]}}],"collection":[{"href":"https:\/\/www.caeas-ecab.ca\/fr\/wp-json\/wp\/v2\/pages"}],"about":[{"href":"https:\/\/www.caeas-ecab.ca\/fr\/wp-json\/wp\/v2\/types\/page"}],"author":[{"embeddable":true,"href":"https:\/\/www.caeas-ecab.ca\/fr\/wp-json\/wp\/v2\/users\/9"}],"replies":[{"embeddable":true,"href":"https:\/\/www.caeas-ecab.ca\/fr\/wp-json\/wp\/v2\/comments?post=7624"}],"version-history":[{"count":58,"href":"https:\/\/www.caeas-ecab.ca\/fr\/wp-json\/wp\/v2\/pages\/7624\/revisions"}],"predecessor-version":[{"id":8638,"href":"https:\/\/www.caeas-ecab.ca\/fr\/wp-json\/wp\/v2\/pages\/7624\/revisions\/8638"}],"wp:featuredmedia":[{"embeddable":true,"href":"https:\/\/www.caeas-ecab.ca\/fr\/wp-json\/wp\/v2\/media\/7575"}],"wp:attachment":[{"href":"https:\/\/www.caeas-ecab.ca\/fr\/wp-json\/wp\/v2\/media?parent=7624"}],"curies":[{"name":"wp","href":"https:\/\/api.w.org\/{rel}","templated":true}]}}